{"id":155,"date":"2023-08-12T05:39:40","date_gmt":"2023-08-12T04:39:40","guid":{"rendered":"https:\/\/www.keksvtc.hr\/?page_id=155"},"modified":"2025-08-10T23:30:34","modified_gmt":"2025-08-10T22:30:34","slug":"7-pbm-2022","status":"publish","type":"page","link":"https:\/\/www.keksvtc.hr\/?page_id=155","title":{"rendered":"9. PBM 2025."},"content":{"rendered":"<p><b>9.PANONSKO &#8211; BILOGORSKI REKREATIVNI MTB MARATON<\/b><b><br \/>\n<\/b><b>30.08.2025. VIROVITICA\u00a0<\/b><\/p>\n<p><b>REKREATIVNI KRU\u017dNI BRDSKO BICIKLISTI\u010cKI MARATON<\/b><span style=\"font-weight: 400;\"><br \/>\n<\/span><span style=\"font-weight: 400;\">Datum: 30.08.2025. SUBOTA<\/span><span style=\"font-weight: 400;\"><br \/>\n<\/span><span style=\"font-weight: 400;\">Lokacija: HRVATSKA, 33000 VIROVITICA, Stanka Vraza 45, u prostoru nogometnog kluba Virovitica.<\/span><\/p>\n<p><b>INFORMACIJE<\/b><span style=\"font-weight: 400;\">:\u00a0<\/span><span style=\"font-weight: 400;\"><br \/>\n<\/span><b>FACEBOOK :<\/b><span style=\"font-weight: 400;\"> PANONSKO BILOGORSKI MTB MARATON<\/span><b><br \/>\n<\/b><b>Email<\/b><span style=\"font-weight: 400;\">: klubkeksvirovitica@gmail.com<\/span> <b><br \/>\n<\/b><b>Kontakt: <\/b><span style=\"font-weight: 400;\">095 540 0584 Goran<\/span><\/p>\n<p><b>STAZE:<\/b><span style=\"font-weight: 400;\"><br \/>\n<\/span><b>DVA KRUGA &#8211; 45 KM\u00a0 1150 METARA USPONA 2 Fresh zone.<\/b><b><br \/>\n<\/b><b>JEDAN KRUG &#8211; 25 KM 600 METARA USPONA 1 Fresh zona.<\/b><\/p>\n<p><b>START &#8211; <\/b><span style=\"font-weight: 400;\">10.30 &#8211;\u00a0 Start za sve natjecatelje bez obzira koliko krugova voze.<\/span><\/p>\n<p><b>CILJ<\/b><span style=\"font-weight: 400;\"> utrke i prestanak mjerenja vremena je 5 kilometara od starta utrke. Nakon prelaska ciljne linije natjecatelji se laganom vo\u017enjom vra\u0107aju na start utrke (Ulica Stanka Vraza 45, prostor nogometnog kluba Virovitica).<\/span><\/p>\n<p><span style=\"font-weight: 400;\">Prijava i registracija natjecatelja do <\/span><b>29.08.2025., u pono\u0107.<\/b><\/p>\n<p><b><br \/>\n<\/b><b>PRAVILA UTRKE I OP\u0106I UVJETI\u00a0<\/b><\/p>\n<p><span style=\"font-weight: 400;\">Sudjelovati mogu sve punoljetne osobe koje se osje\u0107aju sposobnima za sudjelovanje, bez obzira na licencu ili \u010dlanstvo u nekom klubu.\u00a0<\/span><\/p>\n<p><span style=\"font-weight: 400;\">Maloljetne osobe do 16 godina (ro\u0111. 2005. god. i starije) mogu nastupiti isklju\u010divo uz potpisanu izjavu roditelja\/staratelja (koju \u0107e potpisati kod registracije) u kojoj je vidljivo da je roditelj\/staratelj suglasan da dijete nastupi na utrci na vlastitu odgovornost, osim juniora koji imaju va\u017ee\u0107u licencu HBS-a za nastup u juniorskoj kategoriji.\u00a0<\/span><\/p>\n<p><b>Maloljetne osobe do 16 godina mogu voziti samo jedan krug.<\/b><\/p>\n<p><span style=\"font-weight: 400;\">Osobe mla\u0111e od 16 godina mogu nastupati isklju\u010divo u pratnji roditelja\/staratelja, i to jedan krug. Kod prijave je obavezna potpisana izjava roditelja\/staratelja u kojoj je vidljivo da je roditelj\/staratelj suglasan da dijete nastupa na vlastitu odgovornost.<\/span><\/p>\n<p><b><br \/>\n<\/b><span style=\"font-weight: 400;\">Svi natjecatelji nastupaju na vlastitu odgovornost i organizator od sebe odbacuje bilo kakvu odgovornost za \u0161tetu nastalu od strane natjecatelja prema drugima ili sebi.\u00a0<\/span><\/p>\n<p><span style=\"font-weight: 400;\">Obavezno no\u0161enje za\u0161titne kacige bez koje sudjelovanje nije dozvoljeno.<\/span><\/p>\n<p><span style=\"font-weight: 400;\">Dozvoljene vrste bicikala:<\/span><\/p>\n<ul>\n<li style=\"font-weight: 400;\" aria-level=\"1\"><span style=\"font-weight: 400;\">MTB bicikl 26, 27.5 i 29 incha u ispravnom stanju.<\/span><\/li>\n<li style=\"font-weight: 400;\" aria-level=\"1\"><span style=\"font-weight: 400;\">E Bike bicikli u ispravnom stanju.<\/span><\/li>\n<li style=\"font-weight: 400;\" aria-level=\"1\"><span style=\"font-weight: 400;\">Gradski, cestovni bicikli\u00a0 nisu dozvoljeni na utrci.<\/span><\/li>\n<\/ul>\n<p><b>Natjecatelji u E Bike kategoriji mogu voziti samo jedan krug od 25 km.<\/b><\/p>\n<p><span style=\"font-weight: 400;\">Ukoliko natjecatelj na stazi skine za\u0161titnu kacigu te bude uo\u010den od strane sudaca i kontrole na stazi, automatski \u0107e biti diskvalificiran i preusmjeren na najbli\u017ei put prema cilju.<\/span><\/p>\n<p><span style=\"font-weight: 400;\">Svi natjecatelji koji do Fresh zone ne stignu do 14h biti \u0107e preusmjereni najbli\u017eim putem do cilja.<\/span><\/p>\n<p><span style=\"font-weight: 400;\">Staza se za sve zatvara u 15h, nakon \u010dega \u0107e kontrolna vozila obi\u0107i stazu radi provjere i sve preostale natjecatelje usmjeriti na najbli\u017ei put prema cilju.<\/span><span style=\"font-weight: 400;\">\u00a0<\/span><\/p>\n<p><b>KATEGORIJE I NAGRADE<\/b><\/p>\n<p><b>Dva kruga<\/b><\/p>\n<p><b>Mu\u0161ki\u00a0 (18 \u2013 30 godina)<\/b><\/p>\n<ol>\n<li style=\"font-weight: 400;\" aria-level=\"1\"><b>Mjesto &#8211;\u00a0 Pokloni sponzora<\/b><\/li>\n<li style=\"font-weight: 400;\" aria-level=\"1\"><b>Mjesto &#8211;\u00a0 Pokloni sponzora<\/b><\/li>\n<li style=\"font-weight: 400;\" aria-level=\"1\"><b>Mjesto &#8211;\u00a0 Pokloni sponzora<\/b><\/li>\n<\/ol>\n<p><b>Mu\u0161ki (30 &#8211; 40 godina)<\/b><\/p>\n<ol>\n<li style=\"font-weight: 400;\" aria-level=\"1\"><b>Mjesto \u2013 Pokloni sponzora<\/b><\/li>\n<li style=\"font-weight: 400;\" aria-level=\"1\"><b>Mjesto \u2013 Pokloni sponzora<\/b><\/li>\n<li style=\"font-weight: 400;\" aria-level=\"1\"><b>Mjesto \u2013 Pokloni sponzora<\/b><\/li>\n<\/ol>\n<p><b>Mu\u0161ki (40 \u2013 50 godina)<\/b><\/p>\n<ol>\n<li style=\"font-weight: 400;\" aria-level=\"1\"><b>Mjesto \u2013 Pokloni sponzora<\/b><\/li>\n<li style=\"font-weight: 400;\" aria-level=\"1\"><b>Mjesto \u2013 Pokloni sponzora<\/b><\/li>\n<li style=\"font-weight: 400;\" aria-level=\"1\"><b>Mjesto \u2013 Pokloni sponzora<\/b><b><br \/>\n<\/b><span style=\"font-weight: 400;\">\u00a0<\/span><\/li>\n<\/ol>\n<p><b>Mu\u0161ki (50+ godina )<\/b><\/p>\n<ol>\n<li style=\"font-weight: 400;\" aria-level=\"1\"><b>\u00a0Mjesto \u2013 Pokloni sponzora<\/b><\/li>\n<li style=\"font-weight: 400;\" aria-level=\"1\"><b>\u00a0Mjesto \u2013 Pokloni sponzora<\/b><\/li>\n<li style=\"font-weight: 400;\" aria-level=\"1\"><b>\u00a0Mjesto \u2013 Pokloni sponzora<\/b><\/li>\n<\/ol>\n<p><span style=\"font-weight: 400;\">\u00a0<\/span><\/p>\n<p><b>\u017dene<\/b><\/p>\n<ol>\n<li style=\"font-weight: 400;\" aria-level=\"1\"><b>Mjesto \u2013\u00a0 Pokloni sponzora<\/b><\/li>\n<li style=\"font-weight: 400;\" aria-level=\"1\"><b>Mjesto \u2013\u00a0 Pokloni sponzora<\/b><\/li>\n<li style=\"font-weight: 400;\" aria-level=\"1\"><b>Mjesto \u2013\u00a0 Pokloni sponzora<\/b><\/li>\n<\/ol>\n<p><span style=\"font-weight: 400;\">\u00a0<\/span><\/p>\n<p><b>Jedan Krug<\/b><\/p>\n<p><b>Mu\u0161ki\u00a0 (18 \u2013 30 godina)<\/b><\/p>\n<ol>\n<li style=\"font-weight: 400;\" aria-level=\"1\"><b>Mjesto \u2013 Pokloni sponzora<\/b><\/li>\n<li style=\"font-weight: 400;\" aria-level=\"1\"><b>Mjesto \u2013 Pokloni sponzora<\/b><\/li>\n<li style=\"font-weight: 400;\" aria-level=\"1\"><b>Mjesto \u2013 Pokloni sponzora<\/b><\/li>\n<\/ol>\n<p><b>Mu\u0161ki Masters (30 &#8211; 40 godina)<\/b><\/p>\n<ol>\n<li style=\"font-weight: 400;\" aria-level=\"1\"><b>Mjesto &#8211; Pokloni sponzora<\/b><\/li>\n<li style=\"font-weight: 400;\" aria-level=\"1\"><b>Mjesto &#8211; Pokloni sponzora<\/b><\/li>\n<li style=\"font-weight: 400;\" aria-level=\"1\"><b>Mjesto &#8211; Pokloni sponzora<\/b><\/li>\n<\/ol>\n<p><b>Mu\u0161ki (40 \u2013 50 godina)<\/b><\/p>\n<ol>\n<li style=\"font-weight: 400;\" aria-level=\"1\"><b>Mjesto \u2013 Pokloi sponzora<\/b><\/li>\n<li style=\"font-weight: 400;\" aria-level=\"1\"><b>Mjesto \u2013 Pokloni sponzora<\/b><\/li>\n<li style=\"font-weight: 400;\" aria-level=\"1\"><b>Mjesto \u2013 Pokloni sponzora<\/b><\/li>\n<\/ol>\n<p><b>Mu\u0161ki (50+ godina)<\/b><\/p>\n<ol>\n<li style=\"font-weight: 400;\" aria-level=\"1\"><b>Mjesto \u2013 Pokloni sponzora<\/b><\/li>\n<li style=\"font-weight: 400;\" aria-level=\"1\"><b>Mjesto \u2013 Pokloni sponzora<\/b><\/li>\n<li style=\"font-weight: 400;\" aria-level=\"1\"><b>Mjesto \u2013 Pokloni sponzora<\/b><\/li>\n<\/ol>\n<p><b>\u017dene<\/b><\/p>\n<ol>\n<li style=\"font-weight: 400;\" aria-level=\"1\"><b>Mjesto \u2013 Pokloni sponzora<\/b><\/li>\n<li style=\"font-weight: 400;\" aria-level=\"1\"><b>Mjesto \u2013 Pokloni sponzora<\/b><\/li>\n<li style=\"font-weight: 400;\" aria-level=\"1\"><b>Mjesto \u2013 Pokloni sponzora<\/b><\/li>\n<\/ol>\n<p><span style=\"font-weight: 400;\">\u00a0<\/span><\/p>\n<p><b>E Bike kategorija<\/b><\/p>\n<p><b>Mu\u0161karci<\/b><\/p>\n<ol>\n<li style=\"font-weight: 400;\" aria-level=\"1\"><b>Mjesto \u2013 Pokloni sponzora<\/b><\/li>\n<li style=\"font-weight: 400;\" aria-level=\"1\"><b>Mjesto \u2013 Pokloni sponzora<\/b><\/li>\n<li style=\"font-weight: 400;\" aria-level=\"1\"><b>Mjesto \u2013 Pokloni sponzora<\/b><\/li>\n<\/ol>\n<p><b>\u017dene<\/b><\/p>\n<ol>\n<li style=\"font-weight: 400;\" aria-level=\"1\"><b>Mjesto \u2013 Pokloni sponzora<\/b><\/li>\n<li style=\"font-weight: 400;\" aria-level=\"1\"><b>Mjesto \u2013 Pokloni sponzora<\/b><\/li>\n<li style=\"font-weight: 400;\" aria-level=\"1\"><b>Mjesto \u2013 Pokloni sponzora<\/b><\/li>\n<\/ol>\n<p><span style=\"font-weight: 400;\">\u00a0<\/span><\/p>\n<p><b>PRIJAVA\u00a0STARTNINA I NA\u010cIN PRIJAVE<\/b><\/p>\n<ul>\n<li style=\"font-weight: 400;\" aria-level=\"1\"><span style=\"font-weight: 400;\">PRIJAVE traju do 29.08.2025. u pono\u0107 (do 20.08.2025. poklon majice su osigurane, nakon toga majice \u0107e biti osigurane do isteka zaliha).<\/span><\/li>\n<li style=\"font-weight: 400;\" aria-level=\"1\"><span style=\"font-weight: 400;\">Startnina za jedan krug i E-bike kategoriju iznosi 30 Eur, a prijave traju do 29.08.2025. u pono\u0107.<\/span><\/li>\n<li style=\"font-weight: 400;\" aria-level=\"1\"><span style=\"font-weight: 400;\">Startnina za dva kruga iznosi 30 Eur; prijave traju do 29.08.2025 u pono\u0107.<\/span><\/li>\n<li style=\"font-weight: 400;\" aria-level=\"1\"><span style=\"font-weight: 400;\">Prijave se podnose isklju\u010divo putem ONLINE obrasca.\u00a0<\/span><\/li>\n<\/ul>\n<p><span style=\"font-weight: 400;\">Prijava \u0107e biti mogu\u0107a u limitiranom broju i na dan maratona, no cijena tada iznosi 35 Eur za sve utrke.<\/span><\/p>\n<p>&nbsp;<\/p>\n<p><b>OPIS STAZE &#8211;\u00a0 DVA KRUGA<\/b><span style=\"font-weight: 400;\"><br \/>\n<\/span><span style=\"font-weight: 400;\"><br \/>\n<\/span><span style=\"font-weight: 400;\">Start maratona je u Virovitici u ulici Stanka Vraza 45, iz prostora nogometog kluba Virovitica, u 10.30 sati.<\/span><\/p>\n<p><span style=\"font-weight: 400;\">Uz pratnju policije vozi se otprilike 4 km do skretanja u \u0161umu, gdje po\u010dinje utrka.<\/span><\/p>\n<p><span style=\"font-weight: 400;\">Kru\u017ena staza od dva kruga du\u017eine 45 km i 1150 metara ukupnog uspona. Podloga je \u0161umski single trail i \u0161umski put 60 %, makadam 30 % i asfalt 10 %.<\/span><\/p>\n<p><span style=\"font-weight: 400;\">Sva skretanja, opasni spustevi i zavoji biti \u0107e ozna\u010deni slu\u017ebenim oznakama prema pravilniku HBS-a (crna strelica na \u017eutoj podlozi), te \u0107e na stazi kod najve\u0107ih opasnosti biti nazo\u010dni i redari. Na stazi \u0107e biti postavljene 2 Fresh zone\u00a0 (okrijepne stanice).<\/span><\/p>\n<p><span style=\"font-weight: 400;\">Po\u0161to se vozi i po \u017eupanijskim cestama, va\u017ee sva prometna pravila.<\/span><\/p>\n<p><b><br \/>\n<\/b><b>OPIS STAZE \u2013 JEDAN KRUG<\/b><\/p>\n<p><span style=\"font-weight: 400;\">Start maratona je u Virovitici u ulici Stanka Vraza 45 iz prostora nogometnog kluba Virovitica, u 10.30 sati.<\/span><\/p>\n<p><span style=\"font-weight: 400;\">Uz pratnju policije vozi se otprilike 4 km, do skretanja u \u0161umu gdje po\u010dinje utrka.<\/span><\/p>\n<p><span style=\"font-weight: 400;\">Kru\u017ena staza od jednog\u00a0kruga du\u017eine 25 km i 600 metara ukupnog uspona. Podloga je \u0161umski single trail i \u0161umski put 60 %, makadam 30 % i asfalt 10 %.<\/span><\/p>\n<p><span style=\"font-weight: 400;\">Sva skretanja, opasni spustevi i zavoji biti \u0107e ozna\u010deni slu\u017ebenim oznakama prema pravilniku HBS-a (crna strelica na \u017eutoj podlozi) te \u0107e na stazi kod najve\u0107ih opasnosti biti nazo\u010dni i redari. Na stazi \u0107e biti postavljena 1 Fresh zona\u00a0 (okrijepna stanica) .<\/span><\/p>\n<p><span style=\"font-weight: 400;\">Po\u0161to se vozi i po \u017eupanijskim cestama, va\u017ee sva prometna pravila.<\/span><\/p>\n<p><span style=\"font-weight: 400;\">\u00a0<\/span><\/p>\n<p><b>NAPOMENA<\/b><span style=\"font-weight: 400;\">:<\/span><\/p>\n<p><span style=\"font-weight: 400;\">Utrka se vozi prema pravilima UCI-a i HBS-a, i pravilima koje je odredio organizator.<\/span><\/p>\n<p><b>Zbog sigurnosti natjecatelja i sigurnosti prometa, cilj svih utrka i prestanak mjerenja vremena je 5 kilometara od starta utrke. Nakon prelaska ciljne linije natjecatelji se laganom vo\u017enjom vra\u0107aju na start utrke (Ulica Stanka Vraza 45, u prostorima nogometog kluba Virovitica).<\/b><\/p>\n<p><span style=\"font-weight: 400;\">\u00a0<\/span><\/p>\n<p>&nbsp;<\/p>\n","protected":false},"excerpt":{"rendered":"<p>9.PANONSKO &#8211; BILOGORSKI REKREATIVNI MTB MARATON 30.08.2025. VIROVITICA\u00a0 REKREATIVNI KRU\u017dNI BRDSKO BICIKLISTI\u010cKI MARATON Datum: 30.08.2025. SUBOTA Lokacija: HRVATSKA, 33000 VIROVITICA, Stanka Vraza 45, u prostoru nogometnog kluba Virovitica. INFORMACIJE:\u00a0 FACEBOOK : PANONSKO BILOGORSKI MTB MARATON Email: klubkeksvirovitica@gmail.com Kontakt: 095 540 0584 Goran STAZE: DVA KRUGA &#8211; 45 KM\u00a0 1150 METARA USPONA 2 Fresh zone. JEDAN [&hellip;]<\/p>\n","protected":false},"author":1,"featured_media":0,"parent":0,"menu_order":0,"comment_status":"closed","ping_status":"closed","template":"","meta":{"footnotes":""},"class_list":["post-155","page","type-page","status-publish"],"_links":{"self":[{"href":"https:\/\/www.keksvtc.hr\/index.php?rest_route=\/wp\/v2\/pages\/155","targetHints":{"allow":["GET"]}}],"collection":[{"href":"https:\/\/www.keksvtc.hr\/index.php?rest_route=\/wp\/v2\/pages"}],"about":[{"href":"https:\/\/www.keksvtc.hr\/index.php?rest_route=\/wp\/v2\/types\/page"}],"author":[{"embeddable":true,"href":"https:\/\/www.keksvtc.hr\/index.php?rest_route=\/wp\/v2\/users\/1"}],"replies":[{"embeddable":true,"href":"https:\/\/www.keksvtc.hr\/index.php?rest_route=%2Fwp%2Fv2%2Fcomments&post=155"}],"version-history":[{"count":14,"href":"https:\/\/www.keksvtc.hr\/index.php?rest_route=\/wp\/v2\/pages\/155\/revisions"}],"predecessor-version":[{"id":271,"href":"https:\/\/www.keksvtc.hr\/index.php?rest_route=\/wp\/v2\/pages\/155\/revisions\/271"}],"wp:attachment":[{"href":"https:\/\/www.keksvtc.hr\/index.php?rest_route=%2Fwp%2Fv2%2Fmedia&parent=155"}],"curies":[{"name":"wp","href":"https:\/\/api.w.org\/{rel}","templated":true}]}}