{"id":37,"date":"2020-01-30T19:35:34","date_gmt":"2020-01-30T18:35:34","guid":{"rendered":"https:\/\/www.keksvtc.hr\/?page_id=37"},"modified":"2025-06-24T15:33:11","modified_gmt":"2025-06-24T14:33:11","slug":"naslovnica","status":"publish","type":"page","link":"https:\/\/www.keksvtc.hr\/","title":{"rendered":"Naslovnica"},"content":{"rendered":"<div id=\"tdi_1\" class=\"tdc-zone\"><div class=\"tdc_zone tdi_2  wpb_row td-pb-row\"  >\n<style scoped>\n\/* custom css - generated by TagDiv Composer *\/\n\n\/* custom css - generated by TagDiv Composer *\/\n.tdi_2{\r\n                    min-height: 0;\r\n                }\n<\/style><div id=\"tdi_3\" class=\"tdc-row\"><div class=\"vc_row tdi_4  wpb_row td-pb-row\" >\n<style scoped>\n\/* custom css - generated by TagDiv Composer *\/\n\n\/* custom css - generated by TagDiv Composer *\/\n.tdi_4,\r\n                .tdi_4 .tdc-columns{\r\n                    min-height: 0;\r\n                }.tdi_4,\r\n\t\t\t\t.tdi_4 .tdc-columns{\r\n\t\t\t\t    display: block;\r\n\t\t\t\t}.tdi_4 .tdc-columns{\r\n\t\t\t\t    width: 100%;\r\n\t\t\t\t}.tdi_4:before,\r\n\t\t\t\t.tdi_4:after{\r\n\t\t\t\t    display: table;\r\n\t\t\t\t}\n\/* inline tdc_css att - generated by TagDiv Composer *\/\n\n.tdi_4{\nmargin-bottom:50px !important;\n}\n\n.tdi_4 .td_block_wrap{ text-align:left }\n\n<\/style><div class=\"vc_column tdi_6  wpb_column vc_column_container tdc-column td-pb-span12\">\n<style scoped>\n\/* custom css - generated by TagDiv Composer *\/\n\n\/* custom css - generated by TagDiv Composer *\/\n.tdi_6{\r\n                    vertical-align: baseline;\r\n                }.tdi_6 > .wpb_wrapper,\r\n\t\t\t\t.tdi_6 > .wpb_wrapper > .tdc-elements{\r\n\t\t\t\t    display: block;\r\n\t\t\t\t}.tdi_6 > .wpb_wrapper > .tdc-elements{\r\n\t\t\t\t    width: 100%;\r\n\t\t\t\t}.tdi_6 > .wpb_wrapper > .vc_row_inner{\r\n\t\t\t\t    width: auto;\r\n\t\t\t\t}.tdi_6 > .wpb_wrapper{\r\n\t\t\t\t    width: auto;\r\n\t\t\t\t    height: auto;\r\n\t\t\t\t}\n<\/style><div class=\"wpb_wrapper\" ><div class=\"tdm_block td_block_wrap tdm_block_inline_image tdi_7 tdm-inline-block tdm-content-horiz-center td-pb-border-top td_block_template_1\"  data-td-block-uid=\"tdi_7\" >\n<style>\n\/* custom css - generated by TagDiv Composer *\/\n.tdm_block.tdm_block_inline_image{\r\n                  position: relative;\r\n                  margin-bottom: 0;\r\n                  line-height: 0;\r\n                  overflow: hidden;\r\n                }.tdm_block.tdm_block_inline_image .tdm-inline-image-wrap{\r\n                  position: relative;\r\n                  display: inline-block;\r\n                }.tdm_block.tdm_block_inline_image .td-image-video-modal{\r\n                  cursor: pointer;\r\n                }.tdm_block.tdm_block_inline_image .tdm-caption{\r\n                  width: 100%;\r\n                  font-family: Verdana, BlinkMacSystemFont, -apple-system, \"Segoe UI\", Roboto, Oxygen, Ubuntu, Cantarell, \"Open Sans\", \"Helvetica Neue\", sans-serif;\r\n                  padding-top: 6px;\r\n                  padding-bottom: 6px;\r\n                  font-size: 12px;\r\n                  font-style: italic;\r\n                  font-weight: normal;\r\n                  line-height: 17px;\r\n                  color: #444;\r\n                }.tdm_block.tdm_block_inline_image.tdm-caption-over-image .tdm-caption{\r\n                  position: absolute;\r\n                  left: 0;\r\n                  bottom: 0;\r\n                  margin-top: 0;\r\n                  padding-left: 10px;\r\n                  padding-right: 10px;\r\n                  width: 100%;\r\n                  background: rgba(0, 0, 0, 0.7);\r\n                  color: #fff;\r\n                }.tdi_7 .tdm-inline-image-wrap:hover:before{\r\n                    opacity: 0;\r\n                }\n<\/style><div class=\"tdm-inline-image-wrap \" ><img loading=\"lazy\" decoding=\"async\" class=\"tdm-image td-fix-index\" src=\"https:\/\/www.keksvtc.hr\/wp-content\/uploads\/2024\/08\/keks-svi-web.jpg\"  title=\"keks svi web\" width=\"1080\" height=\"486\"><\/div><\/div><\/div><\/div><\/div><\/div>\r\n\t\t\t<script>\r\n\r\n\t\t\t\tjQuery(window).ready(function () {\r\n\r\n\t\t\t\t\t\/\/ We need timeout because the content must be rendered and interpreted on client\r\n\t\t\t\t\tsetTimeout(function () {\r\n\r\n\t\t\t\t\t\tvar $content = jQuery('body').find('#tdc-live-iframe'),\r\n\t\t\t\t\t\t\trefWindow = undefined;\r\n\r\n\t\t\t\t\t\tif ($content.length) {\r\n\t\t\t\t\t\t\t$content = $content.contents();\r\n\t\t\t\t\t\t\trefWindow = document.getElementById('tdc-live-iframe').contentWindow || document.getElementById('tdc-live-iframe').contentDocument;\r\n\r\n\t\t\t\t\t\t} else {\r\n\t\t\t\t\t\t\t$content = jQuery('body');\r\n\t\t\t\t\t\t\trefWindow = window;\r\n\t\t\t\t\t\t}\r\n\r\n\t\t\t\t\t\t$content.find('#tdi_3 .td-element-style-before').each(function (index, element) {\r\n\t\t\t\t\t\t\tif ('undefined' !== typeof refWindow.td_compute_parallax_background) {\r\n\t\t\t\t\t\t\t\trefWindow.td_compute_parallax_background(element);\r\n\t\t\t\t\t\t\t\treturn;\r\n\t\t\t\t\t\t\t}\r\n\t\t\t\t\t\t});\r\n\r\n\t\t\t\t\t\t$content.find('#tdi_3 .tdc-video-parallax-wrapper').each(function (index, element) {\r\n\t\t\t\t\t\t\tif ( 'undefined' !== typeof refWindow.td_compute_parallax_background ) {\r\n\t\t\t\t\t\t\t\trefWindow.td_compute_parallax_background(element);\r\n\t\t\t\t\t\t\t}\r\n\t\t\t\t\t\t});\r\n\r\n\r\n\t\t\t\t\t\tif ('undefined' !== typeof refWindow.td_compute_parallax_background) {\r\n\t\t\t\t\t\t\trefWindow.tdAnimationScroll.compute_all_items();\r\n\t\t\t\t\t\t}\r\n\t\t\t\t\t});\r\n\r\n\t\t\t\t}, 200);\r\n\t\t\t<\/script>\r\n\r\n\t\t\t<div id=\"tdi_8\" class=\"tdc-row\"><div class=\"vc_row tdi_9  wpb_row td-pb-row\" >\n<style scoped>\n\/* custom css - generated by TagDiv Composer *\/\n\n\/* custom css - generated by TagDiv Composer *\/\n.tdi_9,\r\n                .tdi_9 .tdc-columns{\r\n                    min-height: 0;\r\n                }.tdi_9,\r\n\t\t\t\t.tdi_9 .tdc-columns{\r\n\t\t\t\t    display: block;\r\n\t\t\t\t}.tdi_9 .tdc-columns{\r\n\t\t\t\t    width: 100%;\r\n\t\t\t\t}.tdi_9:before,\r\n\t\t\t\t.tdi_9:after{\r\n\t\t\t\t    display: table;\r\n\t\t\t\t}\n<\/style><div class=\"vc_column tdi_11  wpb_column vc_column_container tdc-column td-pb-span12\">\n<style scoped>\n\/* custom css - generated by TagDiv Composer *\/\n\n\/* custom css - generated by TagDiv Composer *\/\n.tdi_11{\r\n                    vertical-align: baseline;\r\n                }.tdi_11 > .wpb_wrapper,\r\n\t\t\t\t.tdi_11 > .wpb_wrapper > .tdc-elements{\r\n\t\t\t\t    display: block;\r\n\t\t\t\t}.tdi_11 > .wpb_wrapper > .tdc-elements{\r\n\t\t\t\t    width: 100%;\r\n\t\t\t\t}.tdi_11 > .wpb_wrapper > .vc_row_inner{\r\n\t\t\t\t    width: auto;\r\n\t\t\t\t}.tdi_11 > .wpb_wrapper{\r\n\t\t\t\t    width: auto;\r\n\t\t\t\t    height: auto;\r\n\t\t\t\t}\n<\/style><div class=\"wpb_wrapper\" ><div class=\"td_block_wrap td_block_11 tdi_12 td_with_ajax_pagination td-pb-border-top td_block_template_1 td-column-3\"  data-td-block-uid=\"tdi_12\" >\n<style>\n\/* custom css - generated by TagDiv Composer *\/\n.tdi_12 .td_module_10 .entry-title{\r\n\t\t\t\t\tfont-family:Nunito !important;\r\n\t\t\t\t}.tdi_12 .td_module_10 .td-excerpt{\r\n\t\t\t\t\tfont-family:Nunito !important;\r\n\t\t\t\t}\n<\/style><script>var block_tdi_12 = new tdBlock();\nblock_tdi_12.id = \"tdi_12\";\nblock_tdi_12.atts = '{\"m10_tl\":\"50\",\"m10_el\":\"35\",\"category_id\":\"1\",\"f_header_font_family\":\"\",\"m10f_title_font_family\":\"431\",\"m10f_ex_font_family\":\"431\",\"ajax_pagination\":\"infinite\",\"block_type\":\"td_block_11\",\"separator\":\"\",\"custom_title\":\"\",\"custom_url\":\"\",\"block_template_id\":\"\",\"post_ids\":\"\",\"taxonomies\":\"\",\"category_ids\":\"\",\"in_all_terms\":\"\",\"tag_slug\":\"\",\"autors_id\":\"\",\"installed_post_types\":\"\",\"include_cf_posts\":\"\",\"exclude_cf_posts\":\"\",\"sort\":\"\",\"popular_by_date\":\"\",\"linked_posts\":\"\",\"favourite_only\":\"\",\"limit\":\"5\",\"offset\":\"\",\"open_in_new_window\":\"\",\"show_modified_date\":\"\",\"time_ago\":\"\",\"time_ago_add_txt\":\"ago\",\"time_ago_txt_pos\":\"\",\"review_source\":\"\",\"el_class\":\"\",\"td_ajax_filter_type\":\"\",\"td_ajax_filter_ids\":\"\",\"td_filter_default_txt\":\"All\",\"td_ajax_preloading\":\"\",\"f_header_font_header\":\"\",\"f_header_font_title\":\"Block header\",\"f_header_font_settings\":\"\",\"f_header_font_size\":\"\",\"f_header_font_line_height\":\"\",\"f_header_font_style\":\"\",\"f_header_font_weight\":\"\",\"f_header_font_transform\":\"\",\"f_header_font_spacing\":\"\",\"f_header_\":\"\",\"f_ajax_font_title\":\"Ajax categories\",\"f_ajax_font_settings\":\"\",\"f_ajax_font_family\":\"\",\"f_ajax_font_size\":\"\",\"f_ajax_font_line_height\":\"\",\"f_ajax_font_style\":\"\",\"f_ajax_font_weight\":\"\",\"f_ajax_font_transform\":\"\",\"f_ajax_font_spacing\":\"\",\"f_ajax_\":\"\",\"f_more_font_title\":\"Load more button\",\"f_more_font_settings\":\"\",\"f_more_font_family\":\"\",\"f_more_font_size\":\"\",\"f_more_font_line_height\":\"\",\"f_more_font_style\":\"\",\"f_more_font_weight\":\"\",\"f_more_font_transform\":\"\",\"f_more_font_spacing\":\"\",\"f_more_\":\"\",\"m10f_title_font_header\":\"\",\"m10f_title_font_title\":\"Article title\",\"m10f_title_font_settings\":\"\",\"m10f_title_font_size\":\"\",\"m10f_title_font_line_height\":\"\",\"m10f_title_font_style\":\"\",\"m10f_title_font_weight\":\"\",\"m10f_title_font_transform\":\"\",\"m10f_title_font_spacing\":\"\",\"m10f_title_\":\"\",\"m10f_cat_font_title\":\"Article category tag\",\"m10f_cat_font_settings\":\"\",\"m10f_cat_font_family\":\"\",\"m10f_cat_font_size\":\"\",\"m10f_cat_font_line_height\":\"\",\"m10f_cat_font_style\":\"\",\"m10f_cat_font_weight\":\"\",\"m10f_cat_font_transform\":\"\",\"m10f_cat_font_spacing\":\"\",\"m10f_cat_\":\"\",\"m10f_meta_font_title\":\"Article meta info\",\"m10f_meta_font_settings\":\"\",\"m10f_meta_font_family\":\"\",\"m10f_meta_font_size\":\"\",\"m10f_meta_font_line_height\":\"\",\"m10f_meta_font_style\":\"\",\"m10f_meta_font_weight\":\"\",\"m10f_meta_font_transform\":\"\",\"m10f_meta_font_spacing\":\"\",\"m10f_meta_\":\"\",\"m10f_ex_font_title\":\"Article excerpt\",\"m10f_ex_font_settings\":\"\",\"m10f_ex_font_size\":\"\",\"m10f_ex_font_line_height\":\"\",\"m10f_ex_font_style\":\"\",\"m10f_ex_font_weight\":\"\",\"m10f_ex_font_transform\":\"\",\"m10f_ex_font_spacing\":\"\",\"m10f_ex_\":\"\",\"ajax_pagination_next_prev_swipe\":\"\",\"ajax_pagination_infinite_stop\":\"\",\"css\":\"\",\"tdc_css\":\"\",\"td_column_number\":3,\"header_color\":\"\",\"color_preset\":\"\",\"border_top\":\"\",\"class\":\"tdi_12\",\"tdc_css_class\":\"tdi_12\",\"tdc_css_class_style\":\"tdi_12_rand_style\"}';\nblock_tdi_12.td_column_number = \"3\";\nblock_tdi_12.block_type = \"td_block_11\";\nblock_tdi_12.post_count = \"5\";\nblock_tdi_12.found_posts = \"26\";\nblock_tdi_12.header_color = \"\";\nblock_tdi_12.ajax_pagination_infinite_stop = \"\";\nblock_tdi_12.max_num_pages = \"6\";\ntdBlocksArray.push(block_tdi_12);\n<\/script><div class=\"td-block-title-wrap\"><\/div><div id=tdi_12 class=\"td_block_inner\">\n\n\t<div class=\"td-block-span12\">\n\r\n        <div class=\"td_module_10 td_module_wrap td-animation-stack\">\r\n            <div class=\"td-module-thumb\"><a href=\"https:\/\/www.keksvtc.hr\/?p=254\"  rel=\"bookmark\" class=\"td-image-wrap \" title=\"9. PANONSKO BILOGORSKI MARATON, SUBOTA 30.08.2025.\" ><img loading=\"lazy\" decoding=\"async\" width=\"218\" height=\"150\" class=\"entry-thumb\" src=\"https:\/\/www.keksvtc.hr\/wp-content\/uploads\/2025\/07\/9-PBM-NAJAVA-218x150.jpg\"   alt=\"9. PBM, subota 30.08.2025.\" title=\"9. PANONSKO BILOGORSKI MARATON, SUBOTA 30.08.2025.\" \/><\/a><\/div>\r\n            <div class=\"item-details\">\r\n            <h3 class=\"entry-title td-module-title\"><a href=\"https:\/\/www.keksvtc.hr\/?p=254\"  rel=\"bookmark\" title=\"9. PANONSKO BILOGORSKI MARATON, SUBOTA 30.08.2025.\">9. PANONSKO BILOGORSKI MARATON, SUBOTA 30.08.2025.<\/a><\/h3>\r\n                <div class=\"td-module-meta-info\">\r\n                                                                    <span class=\"td-post-date\"><time class=\"entry-date updated td-module-date\" datetime=\"2025-07-31T12:25:35+01:00\" >July 31, 2025<\/time><\/span>                                        <\/div>\r\n\r\n                <div class=\"td-excerpt\">\r\n                    Bli\u017ei nam se jo\u0161 jedan, deveti po redu, Panonsko Bilogorski MTB Maraton! \r\nOslobodite svoje kalendare u subotu, 30.08.2025., i pridru\u017eite nam se na na\u0161oj sve popularnijoj MTB utrci kroz predivan krajolik na\u0161e Viroviti\u010dko-podravske \u017eupanije!\r\n\r\nPripremili...                <\/div>\r\n            <\/div>\r\n\r\n        <\/div>\r\n\r\n        \n\t<\/div> <!-- .\/td-block-span12 -->\n\n\t<div class=\"td-block-span12\">\n\r\n        <div class=\"td_module_10 td_module_wrap td-animation-stack\">\r\n            <div class=\"td-module-thumb\"><a href=\"https:\/\/www.keksvtc.hr\/?p=225\"  rel=\"bookmark\" class=\"td-image-wrap \" title=\"Vo\u017enja za Svjetski dan nepu\u0161enja, Orahovica-Kladare!\" ><img loading=\"lazy\" decoding=\"async\" width=\"218\" height=\"150\" class=\"entry-thumb\" src=\"https:\/\/www.keksvtc.hr\/wp-content\/uploads\/2024\/08\/IMG_7239-218x150.jpg\"   alt=\"\" title=\"Vo\u017enja za Svjetski dan nepu\u0161enja, Orahovica-Kladare!\" \/><\/a><\/div>\r\n            <div class=\"item-details\">\r\n            <h3 class=\"entry-title td-module-title\"><a href=\"https:\/\/www.keksvtc.hr\/?p=225\"  rel=\"bookmark\" title=\"Vo\u017enja za Svjetski dan nepu\u0161enja, Orahovica-Kladare!\">Vo\u017enja za Svjetski dan nepu\u0161enja, Orahovica-Kladare!<\/a><\/h3>\r\n                <div class=\"td-module-meta-info\">\r\n                                                                    <span class=\"td-post-date\"><time class=\"entry-date updated td-module-date\" datetime=\"2024-06-09T09:44:11+01:00\" >June 9, 2024<\/time><\/span>                                        <\/div>\r\n\r\n                <div class=\"td-excerpt\">\r\n                    \r\nOvih dana smo u\u017eivali u vo\u017enji za svjetski dan nepu\u0161enja u dugogodi\u0161njoj suradnji sa Zavodom za javno zdravstvo Viroviti\u010dko-podravske \u017eupanije!\r\n\r\n\r\nOdvozili smo 77 km, relacija Orahovica -Kladare!\r\n\r\n\r\n\u017delimo vam svima odli\u010dno ljeto, i vidimo se za...                <\/div>\r\n            <\/div>\r\n\r\n        <\/div>\r\n\r\n        \n\t<\/div> <!-- .\/td-block-span12 -->\n\n\t<div class=\"td-block-span12\">\n\r\n        <div class=\"td_module_10 td_module_wrap td-animation-stack\">\r\n            <div class=\"td-module-thumb\"><a href=\"https:\/\/www.keksvtc.hr\/?p=222\"  rel=\"bookmark\" class=\"td-image-wrap \" title=\"Nova biciklijada za udrugu VELIKO SRCE MALOM SRCU!\" ><img loading=\"lazy\" decoding=\"async\" width=\"218\" height=\"150\" class=\"entry-thumb\" src=\"https:\/\/www.keksvtc.hr\/wp-content\/uploads\/2024\/08\/427892223_1007150170809277_5893315052932541878_n-218x150.jpg\"   alt=\"\" title=\"Nova biciklijada za udrugu VELIKO SRCE MALOM SRCU!\" \/><\/a><\/div>\r\n            <div class=\"item-details\">\r\n            <h3 class=\"entry-title td-module-title\"><a href=\"https:\/\/www.keksvtc.hr\/?p=222\"  rel=\"bookmark\" title=\"Nova biciklijada za udrugu VELIKO SRCE MALOM SRCU!\">Nova biciklijada za udrugu VELIKO SRCE MALOM SRCU!<\/a><\/h3>\r\n                <div class=\"td-module-meta-info\">\r\n                                                                    <span class=\"td-post-date\"><time class=\"entry-date updated td-module-date\" datetime=\"2024-04-14T09:32:50+01:00\" >April 14, 2024<\/time><\/span>                                        <\/div>\r\n\r\n                <div class=\"td-excerpt\">\r\n                    Pozivamo Vas na jo\u0161 jednu humanitarnu biciklijadu Veliko Srce Malom Srcu.\r\nDo\u0111ite, dru\u017eite se, biciklirajte, donirajte za pomo\u0107 ovoj predivnoj akciji i udruzi!\r\nZapratite udrugu VELIKO SRCE MALOM SRCU na Facebooku i Instagramu!\r\n\r\nVi\u0161e detalja saznajte na...                <\/div>\r\n            <\/div>\r\n\r\n        <\/div>\r\n\r\n        \n\t<\/div> <!-- .\/td-block-span12 -->\n\n\t<div class=\"td-block-span12\">\n\r\n        <div class=\"td_module_10 td_module_wrap td-animation-stack\">\r\n            <div class=\"td-module-thumb\"><a href=\"https:\/\/www.keksvtc.hr\/?p=317\"  rel=\"bookmark\" class=\"td-image-wrap \" title=\"FOTO GALERIJA &#8211; 6. PANONSKO BILOGORSKI MARATON\" ><img loading=\"lazy\" decoding=\"async\" width=\"218\" height=\"150\" class=\"entry-thumb\" src=\"https:\/\/www.keksvtc.hr\/wp-content\/uploads\/2026\/02\/492926586_10233232595229167_8199692751729447886_n-218x150.jpg\"   alt=\"\" title=\"FOTO GALERIJA &#8211; 6. PANONSKO BILOGORSKI MARATON\" \/><\/a><\/div>\r\n            <div class=\"item-details\">\r\n            <h3 class=\"entry-title td-module-title\"><a href=\"https:\/\/www.keksvtc.hr\/?p=317\"  rel=\"bookmark\" title=\"FOTO GALERIJA &#8211; 6. PANONSKO BILOGORSKI MARATON\">FOTO GALERIJA &#8211; 6. PANONSKO BILOGORSKI MARATON<\/a><\/h3>\r\n                <div class=\"td-module-meta-info\">\r\n                                                                    <span class=\"td-post-date\"><time class=\"entry-date updated td-module-date\" datetime=\"2022-09-15T07:11:38+01:00\" >September 15, 2022<\/time><\/span>                                        <\/div>\r\n\r\n                <div class=\"td-excerpt\">\r\n                    Slike sa Panonsko Bilogorskog Maratona su tu! U\u017eivajte!\r\nHvala, Damir \u0160impovi\u0107 na predivnoj galeriji! \r\nI hvala svima koji ste sudjelovali na na\u0161em doga\u0111aju!\r\n\r\n\r\nLink na foto galeriju: 6. PANONSKO BILOGORSKI MARATON                <\/div>\r\n            <\/div>\r\n\r\n        <\/div>\r\n\r\n        \n\t<\/div> <!-- .\/td-block-span12 -->\n\n\t<div class=\"td-block-span12\">\n\r\n        <div class=\"td_module_10 td_module_wrap td-animation-stack\">\r\n            <div class=\"td-module-thumb\"><a href=\"https:\/\/www.keksvtc.hr\/?p=313\"  rel=\"bookmark\" class=\"td-image-wrap \" title=\"Na\u0161i \u010dlanovi Sa\u0161a i Matija osvojili nagrade na Bilogravelu!\" ><img loading=\"lazy\" decoding=\"async\" width=\"218\" height=\"150\" class=\"entry-thumb\" src=\"https:\/\/www.keksvtc.hr\/wp-content\/uploads\/2026\/02\/475775451_1272480094276282_3382779310538451230_n-218x150.jpg\"   alt=\"\" title=\"Na\u0161i \u010dlanovi Sa\u0161a i Matija osvojili nagrade na Bilogravelu!\" \/><\/a><\/div>\r\n            <div class=\"item-details\">\r\n            <h3 class=\"entry-title td-module-title\"><a href=\"https:\/\/www.keksvtc.hr\/?p=313\"  rel=\"bookmark\" title=\"Na\u0161i \u010dlanovi Sa\u0161a i Matija osvojili nagrade na Bilogravelu!\">Na\u0161i \u010dlanovi Sa\u0161a i Matija osvojili nagrade na Bilogravelu!<\/a><\/h3>\r\n                <div class=\"td-module-meta-info\">\r\n                                                                    <span class=\"td-post-date\"><time class=\"entry-date updated td-module-date\" datetime=\"2022-09-04T06:50:12+01:00\" >September 4, 2022<\/time><\/span>                                        <\/div>\r\n\r\n                <div class=\"td-excerpt\">\r\n                    Na dana\u0161njem Bilogravelu na stazi od 31 km na\u0161i Sa\u0161a i Matija su osvojili prvo i drugo mjesto. \u010cestitamo! \ud83d\ude42 \r\n\r\n\r\n\r\n\r\nBilogravel je jedinstvena utrka koja vodi sudionike kroz najljep\u0161e makadamske i \u0161umske puteve Bilogore,...                <\/div>\r\n            <\/div>\r\n\r\n        <\/div>\r\n\r\n        \n\t<\/div> <!-- .\/td-block-span12 --><\/div><div class=\"td_ajax_infinite\" id=\"next-page-tdi_12\" data-td_block_id=\"tdi_12\"> <\/div><div class=\"td-load-more-wrap td-load-more-infinite-wrap\" id=\"infinite-lm-tdi_12\"><a href=\"#\" class=\"td_ajax_load_more td_ajax_load_more_js\" aria-label=\"Load more\" id=\"next-page-tdi_12\" data-td_block_id=\"tdi_12\">Load more<i class=\"td-icon-font td-icon-menu-down\"><\/i><\/a><\/div><\/div> <!-- .\/block --><\/div><\/div><\/div><\/div><\/div><\/div>","protected":false},"excerpt":{"rendered":"","protected":false},"author":1,"featured_media":0,"parent":0,"menu_order":0,"comment_status":"closed","ping_status":"closed","template":"","meta":{"footnotes":""},"class_list":["post-37","page","type-page","status-publish"],"_links":{"self":[{"href":"https:\/\/www.keksvtc.hr\/index.php?rest_route=\/wp\/v2\/pages\/37","targetHints":{"allow":["GET"]}}],"collection":[{"href":"https:\/\/www.keksvtc.hr\/index.php?rest_route=\/wp\/v2\/pages"}],"about":[{"href":"https:\/\/www.keksvtc.hr\/index.php?rest_route=\/wp\/v2\/types\/page"}],"author":[{"embeddable":true,"href":"https:\/\/www.keksvtc.hr\/index.php?rest_route=\/wp\/v2\/users\/1"}],"replies":[{"embeddable":true,"href":"https:\/\/www.keksvtc.hr\/index.php?rest_route=%2Fwp%2Fv2%2Fcomments&post=37"}],"version-history":[{"count":13,"href":"https:\/\/www.keksvtc.hr\/index.php?rest_route=\/wp\/v2\/pages\/37\/revisions"}],"predecessor-version":[{"id":243,"href":"https:\/\/www.keksvtc.hr\/index.php?rest_route=\/wp\/v2\/pages\/37\/revisions\/243"}],"wp:attachment":[{"href":"https:\/\/www.keksvtc.hr\/index.php?rest_route=%2Fwp%2Fv2%2Fmedia&parent=37"}],"curies":[{"name":"wp","href":"https:\/\/api.w.org\/{rel}","templated":true}]}}